{"id":266,"date":"2025-12-29T13:45:39","date_gmt":"2025-12-29T16:45:39","guid":{"rendered":"https:\/\/be.noobnews.com\/?page_id=266"},"modified":"2025-12-29T13:45:40","modified_gmt":"2025-12-29T16:45:40","slug":"contact","status":"publish","type":"page","link":"https:\/\/be.noobnews.com\/index.php\/contact\/","title":{"rendered":"Contact"},"content":{"rendered":"\n<p>Noobnews appr\u00e9cie votre opinion. Notre engagement est d&#8217;offrir un canal de communication ouvert afin que vous puissiez envoyer vos questions, suggestions, critiques ou compliments.<\/p>\n\n\n\n<p>Nous sommes toujours disponibles pour vous \u00e9couter et am\u00e9liorer continuellement l&#8217;exp\u00e9rience sur notre portail.<\/p>\n\n\n\n<h2 class=\"wp-block-heading\">Comment nous contacter<\/h2>\n\n\n\n<p>\ud83d\udce7 E-mail : <a href=\"mailto:contato@portalaovivo.com\">contato@noobnews.com<\/a><\/p>\n","protected":false},"excerpt":{"rendered":"<p>Noobnews appr\u00e9cie votre opinion. Notre engagement est d&#8217;offrir un canal de communication ouvert afin que vous puissiez envoyer vos questions, suggestions, critiques ou compliments. Nous sommes toujours disponibles pour vous \u00e9couter et am\u00e9liorer continuellement l&#8217;exp\u00e9rience sur notre portail. Comment nous contacter \ud83d\udce7 E-mail : contato@noobnews.com<\/p>\n","protected":false},"author":1,"featured_media":0,"parent":0,"menu_order":0,"comment_status":"closed","ping_status":"closed","template":"","meta":{"footnotes":""},"class_list":["post-266","page","type-page","status-publish","hentry"],"_links":{"self":[{"href":"https:\/\/be.noobnews.com\/index.php\/wp-json\/wp\/v2\/pages\/266","targetHints":{"allow":["GET"]}}],"collection":[{"href":"https:\/\/be.noobnews.com\/index.php\/wp-json\/wp\/v2\/pages"}],"about":[{"href":"https:\/\/be.noobnews.com\/index.php\/wp-json\/wp\/v2\/types\/page"}],"author":[{"embeddable":true,"href":"https:\/\/be.noobnews.com\/index.php\/wp-json\/wp\/v2\/users\/1"}],"replies":[{"embeddable":true,"href":"https:\/\/be.noobnews.com\/index.php\/wp-json\/wp\/v2\/comments?post=266"}],"version-history":[{"count":1,"href":"https:\/\/be.noobnews.com\/index.php\/wp-json\/wp\/v2\/pages\/266\/revisions"}],"predecessor-version":[{"id":267,"href":"https:\/\/be.noobnews.com\/index.php\/wp-json\/wp\/v2\/pages\/266\/revisions\/267"}],"wp:attachment":[{"href":"https:\/\/be.noobnews.com\/index.php\/wp-json\/wp\/v2\/media?parent=266"}],"curies":[{"name":"wp","href":"https:\/\/api.w.org\/{rel}","templated":true}]}}