{"id":209,"date":"2025-06-23T22:42:07","date_gmt":"2025-06-24T01:42:07","guid":{"rendered":"https:\/\/be.noobnews.com\/?page_id=209"},"modified":"2025-06-23T22:42:08","modified_gmt":"2025-06-24T01:42:08","slug":"termes-et-conditions","status":"publish","type":"page","link":"https:\/\/be.noobnews.com\/index.php\/termes-et-conditions\/","title":{"rendered":"Termes et conditions"},"content":{"rendered":"\n<h1 class=\"wp-block-heading\">1. Termes et Conditions<\/h1>\n\n\n\n<p>En acc\u00e9dant au site <strong>Be Noobnews <\/strong>, vous acceptez de respecter ces termes de service, toutes les lois et r\u00e8glements applicables, et vous reconnaissez \u00eatre responsable du respect de toutes les lois locales applicables. Si vous n&#8217;acceptez pas l&#8217;un quelconque de ces termes, vous \u00eates interdit d&#8217;utiliser ou d&#8217;acc\u00e9der \u00e0 ce site. Les contenus inclus dans ce site sont prot\u00e9g\u00e9s par les lois en mati\u00e8re de droits d\u2019auteur et de marques commerciales applicables.<\/p>\n\n\n\n<hr class=\"wp-block-separator has-alpha-channel-opacity\"\/>\n\n\n\n<h1 class=\"wp-block-heading\">2. Licence d\u2019Utilisation<\/h1>\n\n\n\n<p>Une permission est accord\u00e9e pour t\u00e9l\u00e9charger temporairement une copie des contenus (informations ou logiciels) pr\u00e9sents sur le site <strong>Be Noobnews <\/strong>, uniquement \u00e0 titre de visualisation personnelle et non commerciale. Cette autorisation constitue une licence limit\u00e9e et non un transfert de propri\u00e9t\u00e9. En vertu de cette licence, vous ne pouvez :<\/p>\n\n\n\n<ul class=\"wp-block-list\">\n<li>ni modifier ou copier les contenus ;<\/li>\n\n\n\n<li>ni utiliser les contenus \u00e0 des fins commerciales ou \u00e0 des fins d&#8217;exposition publique (commerciale ou non commerciale) ;<\/li>\n\n\n\n<li>ni tenter de d\u00e9compiler ou d&#8217;effectuer un reverse engineering sur tout logiciel pr\u00e9sent sur le site <strong>Be Noobnews <\/strong>;<\/li>\n\n\n\n<li>ni supprimer les mentions de droits d&#8217;auteur ou autres indications de propri\u00e9t\u00e9 figurant sur les contenus ;<\/li>\n\n\n\n<li>ni transf\u00e9rer les contenus \u00e0 une autre personne ou dupliquer les contenus sur un autre serveur.<\/li>\n<\/ul>\n\n\n\n<p>Cette licence sera automatiquement r\u00e9sili\u00e9e si vous violez l&#8217;une de ces restrictions, et <strong>Be Noobnews <\/strong>peut la r\u00e9silier \u00e0 tout moment. Lorsque votre visualisation des contenus prend fin, ou lorsque la pr\u00e9sente licence expire, vous devez supprimer de votre possession tous les contenus t\u00e9l\u00e9charg\u00e9s, qu&#8217;ils soient sous format \u00e9lectronique ou imprim\u00e9.<\/p>\n\n\n\n<hr class=\"wp-block-separator has-alpha-channel-opacity\"\/>\n\n\n\n<h1 class=\"wp-block-heading\">3. Exclusion DE GARANTIE<\/h1>\n\n\n\n<p>Les contenus mis \u00e0 disposition sur le site <strong>Be Noobnews <\/strong>sont fournis &#8220;en l&#8217;\u00e9tat&#8221;. <strong>Be Noobnews <\/strong>ne donne aucune garantie, expresse ou implicite, et d\u00e9cline express\u00e9ment toutes les autres garanties, y compris, sans limitation, les garanties implicites de qualit\u00e9 marchande, d&#8217;ad\u00e9quation \u00e0 un usage particulier ou d&#8217;absence de violation de propri\u00e9t\u00e9 intellectuelle ou d&#8217;autres droits.<\/p>\n\n\n\n<p>De plus, <strong>Be Noobnews <\/strong>ne garantit ni n&#8217;affirme quoi que ce soit concernant l&#8217;exactitude, les r\u00e9sultats probables ou la fiabilit\u00e9 de l&#8217;utilisation des contenus sur son site ou li\u00e9s \u00e0 ces contenus, ou pr\u00e9sents sur des sites li\u00e9s \u00e0 celui-ci.<\/p>\n\n\n\n<hr class=\"wp-block-separator has-alpha-channel-opacity\"\/>\n\n\n\n<h1 class=\"wp-block-heading\">4. Limitation de Responsabilit\u00e9<\/h1>\n\n\n\n<p>En aucun cas <strong>Be Noobnews <\/strong>ou ses fournisseurs ne peuvent \u00eatre tenus responsables de dommages quelconques (notamment, sans limitation, perte de donn\u00e9es, perte de b\u00e9n\u00e9fices ou interruption d&#8217;activit\u00e9) r\u00e9sultant de l&#8217;utilisation ou de l&#8217;impossibilit\u00e9 d&#8217;utiliser les contenus du site <strong>Be Noobnews <\/strong>, m\u00eame si <strong>Be Noobnews <\/strong>ou un repr\u00e9sentant autoris\u00e9 avait \u00e9t\u00e9 inform\u00e9 oralement ou par \u00e9crit de la possibilit\u00e9 de tels dommages. \u00c9tant donn\u00e9 que certaines juridictions n&#8217;autorisent pas la limitation des garanties implicites, ni la limitation de responsabilit\u00e9 pour dommages indirects ou accessoires, ces limitations peuvent ne pas s&#8217;appliquer \u00e0 votre \u00e9gard.<\/p>\n\n\n\n<hr class=\"wp-block-separator has-alpha-channel-opacity\"\/>\n\n\n\n<h1 class=\"wp-block-heading\">5. Exactitude des Contenus<\/h1>\n\n\n\n<p>Les contenus affich\u00e9s sur le site <strong>Be Noobnews <\/strong>peuvent inclure des erreurs techniques, typographiques ou photographiques. <strong>Be Noobnews <\/strong>ne garantit pas que les contenus pr\u00e9sents sur le site soient exacts, complets ou \u00e0 jour. <strong>Be Noobnews <\/strong>se r\u00e9serve le droit de modifier les contenus de son site \u00e0 tout moment, sans pr\u00e9avis. Toutefois, <strong>Be Noobnews <\/strong>n\u2019a aucune obligation de mettre \u00e0 jour les contenus.<\/p>\n\n\n\n<hr class=\"wp-block-separator has-alpha-channel-opacity\"\/>\n\n\n\n<h1 class=\"wp-block-heading\">6. Liens vers d&#8217;autres Sites<\/h1>\n\n\n\n<p><strong>Be Noobnews <\/strong>n\u2019a pas examin\u00e9 tous les sites li\u00e9s au sien et ne peut \u00eatre tenu responsable du contenu de ces sites. La pr\u00e9sence d\u2019un lien vers un autre site ne signifie pas que <strong>Be Noobnews <\/strong>approuve ledit site. L\u2019utilisation de tout site li\u00e9 s\u2019effectue sous votre seule responsabilit\u00e9.<\/p>\n\n\n\n<hr class=\"wp-block-separator has-alpha-channel-opacity\"\/>\n\n\n\n<h1 class=\"wp-block-heading\">Modifications des Termes de Service<\/h1>\n\n\n\n<p><strong>Be Noobnews <\/strong>peut r\u00e9viser \u00e0 tout moment, sans pr\u00e9avis, les pr\u00e9sentes conditions g\u00e9n\u00e9rales d&#8217;utilisation du site. En utilisant ce site, vous acceptez d&#8217;\u00eatre li\u00e9 par la version en vigueur de ces termes de service.<\/p>\n\n\n\n<hr class=\"wp-block-separator has-alpha-channel-opacity\"\/>\n\n\n\n<h1 class=\"wp-block-heading\">Loi Applicable<\/h1>\n\n\n\n<p>Les pr\u00e9sentes conditions g\u00e9n\u00e9rales sont r\u00e9gies et interpr\u00e9t\u00e9es conform\u00e9ment aux lois de <strong>Be Noobnews <\/strong>, et vous acceptez irr\u00e9vocablement la comp\u00e9tence exclusive des tribunaux de cet \u00c9tat ou de cette localit\u00e9.<\/p>\n","protected":false},"excerpt":{"rendered":"<p>1. Termes et Conditions En acc\u00e9dant au site Be Noobnews , vous acceptez de respecter ces termes de service, toutes les lois et r\u00e8glements applicables, et vous reconnaissez \u00eatre responsable du respect de toutes les lois locales applicables. Si vous n&#8217;acceptez pas l&#8217;un quelconque de ces termes, vous \u00eates interdit d&#8217;utiliser ou d&#8217;acc\u00e9der \u00e0 ce &hellip;<\/p>\n","protected":false},"author":1,"featured_media":0,"parent":0,"menu_order":0,"comment_status":"closed","ping_status":"closed","template":"","meta":{"footnotes":""},"class_list":["post-209","page","type-page","status-publish","hentry"],"_links":{"self":[{"href":"https:\/\/be.noobnews.com\/index.php\/wp-json\/wp\/v2\/pages\/209","targetHints":{"allow":["GET"]}}],"collection":[{"href":"https:\/\/be.noobnews.com\/index.php\/wp-json\/wp\/v2\/pages"}],"about":[{"href":"https:\/\/be.noobnews.com\/index.php\/wp-json\/wp\/v2\/types\/page"}],"author":[{"embeddable":true,"href":"https:\/\/be.noobnews.com\/index.php\/wp-json\/wp\/v2\/users\/1"}],"replies":[{"embeddable":true,"href":"https:\/\/be.noobnews.com\/index.php\/wp-json\/wp\/v2\/comments?post=209"}],"version-history":[{"count":1,"href":"https:\/\/be.noobnews.com\/index.php\/wp-json\/wp\/v2\/pages\/209\/revisions"}],"predecessor-version":[{"id":210,"href":"https:\/\/be.noobnews.com\/index.php\/wp-json\/wp\/v2\/pages\/209\/revisions\/210"}],"wp:attachment":[{"href":"https:\/\/be.noobnews.com\/index.php\/wp-json\/wp\/v2\/media?parent=209"}],"curies":[{"name":"wp","href":"https:\/\/api.w.org\/{rel}","templated":true}]}}