{"id":207,"date":"2025-06-23T22:40:39","date_gmt":"2025-06-24T01:40:39","guid":{"rendered":"https:\/\/be.noobnews.com\/?page_id=207"},"modified":"2025-06-23T22:40:40","modified_gmt":"2025-06-24T01:40:40","slug":"politique-de-confidentialite","status":"publish","type":"page","link":"https:\/\/be.noobnews.com\/index.php\/politique-de-confidentialite\/","title":{"rendered":"Politique de Confidentialit\u00e9"},"content":{"rendered":"\n<p>Votre vie priv\u00e9e est importante pour nous. Il est de la politique du <strong>Be Noobnews <\/strong>de respecter votre vie priv\u00e9e concernant toute information que nous pourrions collecter sur le site <strong>Be Noobnews <\/strong>, ainsi que sur les autres sites que nous poss\u00e9dons et exploitons.<\/p>\n\n\n\n<p>Nous ne demandons des informations personnelles que lorsque nous en avons vraiment besoin pour vous fournir un service. Nous le faisons par des moyens \u00e9quitables et l\u00e9gaux, avec votre connaissance et votre consentement. Nous vous informons \u00e9galement de la raison pour laquelle nous collectons ces donn\u00e9es et comment elles seront utilis\u00e9es.<\/p>\n\n\n\n<p>Nous conservons uniquement les informations recueillies pendant la dur\u00e9e n\u00e9cessaire pour fournir le service demand\u00e9. Lorsque nous stockons des donn\u00e9es, nous les prot\u00e9geons par des moyens commercialement acceptables afin d&#8217;\u00e9viter les pertes, les vols, ainsi que tout acc\u00e8s, divulgation, copie, utilisation ou modification non autoris\u00e9s.<\/p>\n\n\n\n<p>Nous ne partageons pas publiquement des informations identifiant une personne ni avec des tiers, sauf si la loi l&#8217;exige.<\/p>\n\n\n\n<p>Notre site peut contenir des liens vers des sites externes qui ne sont pas g\u00e9r\u00e9s par nos soins. Veuillez noter que nous n&#8217;avons aucun contr\u00f4le sur le contenu et les pratiques de ces sites, et nous ne pouvons donc pas \u00eatre tenus responsables de leurs politiques de confidentialit\u00e9 respectives.<\/p>\n\n\n\n<p>Vous \u00eates libre de refuser notre demande d&#8217;informations personnelles, sachant que nous ne pourrons peut-\u00eatre pas vous fournir certains services souhait\u00e9s.<\/p>\n\n\n\n<p>La poursuite de l&#8217;utilisation de notre site sera consid\u00e9r\u00e9e comme une acceptation de nos pratiques en mati\u00e8re de confidentialit\u00e9 et d&#8217;informations personnelles. Si vous avez des questions concernant la mani\u00e8re dont nous traitons les donn\u00e9es des utilisateurs et les informations personnelles, veuillez nous contacter.<\/p>\n\n\n\n<hr class=\"wp-block-separator has-alpha-channel-opacity\"\/>\n\n\n\n<h2 class=\"wp-block-heading\">Services Publicitaires Utilis\u00e9s<\/h2>\n\n\n\n<p>Le service <strong>Google AdSense <\/strong>que nous utilisons pour diffuser de la publicit\u00e9 utilise un cookie <strong>DoubleClick <\/strong>afin d&#8217;afficher des annonces plus pertinentes sur Internet et de limiter le nombre de fois o\u00f9 une m\u00eame annonce vous est pr\u00e9sent\u00e9e.<br>Pour plus d&#8217;informations sur <strong>Google AdSense <\/strong>, veuillez consulter les FAQ officielles sur la confidentialit\u00e9 de Google AdSense.<\/p>\n\n\n\n<p>Nous utilisons des annonces pour couvrir les co\u00fbts li\u00e9s \u00e0 l&#8217;exploitation de ce site et financer son d\u00e9veloppement futur. Les cookies publicitaires comportementaux employ\u00e9s sur ce site ont \u00e9t\u00e9 con\u00e7us dans le but de vous pr\u00e9senter des annonces aussi pertinentes que possible, en suivant anonymement vos centres d&#8217;int\u00e9r\u00eat et en vous proposant des contenus similaires susceptibles de vous int\u00e9resser.<\/p>\n\n\n\n<p>Plusieurs partenaires font de la publicit\u00e9 en notre nom, et les cookies de suivi affili\u00e9s nous permettent simplement de savoir si nos visiteurs sont arriv\u00e9s sur notre site via l&#8217;un des sites de nos partenaires, afin de leur attribuer correctement le cr\u00e9dit correspondant, et, le cas \u00e9ch\u00e9ant, permettre \u00e0 nos partenaires affili\u00e9s de vous offrir certaines promotions.<\/p>\n\n\n\n<hr class=\"wp-block-separator has-alpha-channel-opacity\"\/>\n\n\n\n<h1 class=\"wp-block-heading\">Engagement de l&#8217;Utilisateur<\/h1>\n\n\n\n<p>L&#8217;utilisateur s&#8217;engage \u00e0 faire un usage appropri\u00e9 des contenus et des informations fournis par <strong>Be Noobnews <\/strong>sur le site. \u00c0 titre indicatif, sans toutefois s&#8217;y limiter :<\/p>\n\n\n\n<p>A) Ne pas participer \u00e0 des activit\u00e9s ill\u00e9gales ou contraires \u00e0 la bonne foi et \u00e0 l&#8217;ordre public ;<br>B) Ne pas diffuser de publicit\u00e9s ou contenus \u00e0 caract\u00e8re raciste, x\u00e9nophobe, li\u00e9s aux jeux de hasard, de pornographie ill\u00e9gale, ou faisant l&#8217;apologie du terrorisme ou portant atteinte aux droits de l&#8217;homme ;<br>C) Ne causer aucun dommage aux syst\u00e8mes physiques (mat\u00e9riels) et logiques (logiciels) de <strong>Be Noobnews <\/strong>, de ses fournisseurs ou de tiers, ni introduire ou propager de virus informatiques ou tout autre syst\u00e8me mat\u00e9riel ou logiciel susceptible de causer les dommages mentionn\u00e9s ci-dessus.<\/p>\n\n\n\n<hr class=\"wp-block-separator has-alpha-channel-opacity\"\/>\n\n\n\n<h1 class=\"wp-block-heading\">Plus d&#8217;Informations<\/h1>\n\n\n\n<p>Nous esp\u00e9rons avoir apport\u00e9 des r\u00e9ponses claires \u00e0 vos interrogations. Comme indiqu\u00e9 pr\u00e9c\u00e9demment, si vous avez des doutes quant \u00e0 l\u2019utilit\u00e9 ou non d\u2019une fonctionnalit\u00e9, il est g\u00e9n\u00e9ralement pr\u00e9f\u00e9rable de garder les cookies activ\u00e9s, surtout si vous utilisez l&#8217;une des fonctions disponibles sur notre site.<\/p>\n\n\n\n<p>Cette politique entre en vigueur \u00e0 partir du <strong>24 juin 2025 \u00e0 01:38 <\/strong>.<\/p>\n","protected":false},"excerpt":{"rendered":"<p>Votre vie priv\u00e9e est importante pour nous. Il est de la politique du Be Noobnews de respecter votre vie priv\u00e9e concernant toute information que nous pourrions collecter sur le site Be Noobnews , ainsi que sur les autres sites que nous poss\u00e9dons et exploitons. Nous ne demandons des informations personnelles que lorsque nous en avons &hellip;<\/p>\n","protected":false},"author":1,"featured_media":0,"parent":0,"menu_order":0,"comment_status":"closed","ping_status":"closed","template":"","meta":{"footnotes":""},"class_list":["post-207","page","type-page","status-publish","hentry"],"_links":{"self":[{"href":"https:\/\/be.noobnews.com\/index.php\/wp-json\/wp\/v2\/pages\/207","targetHints":{"allow":["GET"]}}],"collection":[{"href":"https:\/\/be.noobnews.com\/index.php\/wp-json\/wp\/v2\/pages"}],"about":[{"href":"https:\/\/be.noobnews.com\/index.php\/wp-json\/wp\/v2\/types\/page"}],"author":[{"embeddable":true,"href":"https:\/\/be.noobnews.com\/index.php\/wp-json\/wp\/v2\/users\/1"}],"replies":[{"embeddable":true,"href":"https:\/\/be.noobnews.com\/index.php\/wp-json\/wp\/v2\/comments?post=207"}],"version-history":[{"count":1,"href":"https:\/\/be.noobnews.com\/index.php\/wp-json\/wp\/v2\/pages\/207\/revisions"}],"predecessor-version":[{"id":208,"href":"https:\/\/be.noobnews.com\/index.php\/wp-json\/wp\/v2\/pages\/207\/revisions\/208"}],"wp:attachment":[{"href":"https:\/\/be.noobnews.com\/index.php\/wp-json\/wp\/v2\/media?parent=207"}],"curies":[{"name":"wp","href":"https:\/\/api.w.org\/{rel}","templated":true}]}}